{"id":11,"date":"2024-05-09T21:16:55","date_gmt":"2024-05-09T21:16:55","guid":{"rendered":"https:\/\/www.el-mont.info\/?page_id=11"},"modified":"2024-05-10T16:27:24","modified_gmt":"2024-05-10T16:27:24","slug":"strona-glowna","status":"publish","type":"page","link":"https:\/\/www.el-mont.info\/","title":{"rendered":"STRONA G\u0141\u00d3WNA"},"content":{"rendered":"<p style=\"text-align: justify;\"><b>EL-MONT Leszek Ba\u0142uch<\/b> jest dynamiczn\u0105 firm\u0105 istniej\u0105c\u0105 na rynku od 2002 roku. Przez ten czas ugruntowali\u015bmy swoj\u0105 pozycj\u0119 na rynku. Dzia\u0142amy na terenie ca\u0142ej Wielkopolski i okolic. Wszystkie us\u0142ugi jakie Pa\u0144stwu oferujemy s\u0105 utrzymane na najwy\u017cszym poziomie, przy wykorzystaniu profesjonalnego sprz\u0119tu i materia\u0142\u00f3w najwy\u017cszej jako\u015bci.<\/p>\n<p>&nbsp;<\/p>\n<p><img decoding=\"async\" class=\"alignnone size-large wp-image-89 aligncenter\" src=\"https:\/\/www.el-mont.info\/wp-content\/uploads\/2024\/05\/15972347_128740730964597_7469350921761428935_o-1024x492.jpg\" alt=\"\" width=\"843\" height=\"405\" srcset=\"https:\/\/www.el-mont.info\/wp-content\/uploads\/2024\/05\/15972347_128740730964597_7469350921761428935_o-1024x492.jpg 1024w, https:\/\/www.el-mont.info\/wp-content\/uploads\/2024\/05\/15972347_128740730964597_7469350921761428935_o-300x144.jpg 300w, https:\/\/www.el-mont.info\/wp-content\/uploads\/2024\/05\/15972347_128740730964597_7469350921761428935_o-768x369.jpg 768w, https:\/\/www.el-mont.info\/wp-content\/uploads\/2024\/05\/15972347_128740730964597_7469350921761428935_o.jpg 1249w\" sizes=\"(max-width: 843px) 100vw, 843px\" \/><\/p>\n","protected":false},"excerpt":{"rendered":"<p>EL-MONT Leszek Ba\u0142uch jest dynamiczn\u0105 firm\u0105 istniej\u0105c\u0105 na rynku od 2002 roku. Przez ten czas ugruntowali\u015bmy swoj\u0105 pozycj\u0119 na rynku. Dzia\u0142amy na terenie ca\u0142ej Wielkopolski&hellip;<\/p>\n","protected":false},"author":1,"featured_media":0,"parent":0,"menu_order":0,"comment_status":"closed","ping_status":"closed","template":"","meta":{"footnotes":""},"_links":{"self":[{"href":"https:\/\/www.el-mont.info\/index.php\/wp-json\/wp\/v2\/pages\/11"}],"collection":[{"href":"https:\/\/www.el-mont.info\/index.php\/wp-json\/wp\/v2\/pages"}],"about":[{"href":"https:\/\/www.el-mont.info\/index.php\/wp-json\/wp\/v2\/types\/page"}],"author":[{"embeddable":true,"href":"https:\/\/www.el-mont.info\/index.php\/wp-json\/wp\/v2\/users\/1"}],"replies":[{"embeddable":true,"href":"https:\/\/www.el-mont.info\/index.php\/wp-json\/wp\/v2\/comments?post=11"}],"version-history":[{"count":9,"href":"https:\/\/www.el-mont.info\/index.php\/wp-json\/wp\/v2\/pages\/11\/revisions"}],"predecessor-version":[{"id":91,"href":"https:\/\/www.el-mont.info\/index.php\/wp-json\/wp\/v2\/pages\/11\/revisions\/91"}],"wp:attachment":[{"href":"https:\/\/www.el-mont.info\/index.php\/wp-json\/wp\/v2\/media?parent=11"}],"curies":[{"name":"wp","href":"https:\/\/api.w.org\/{rel}","templated":true}]}}